{"id":257,"date":"2025-04-11T19:27:24","date_gmt":"2025-04-11T17:27:24","guid":{"rendered":"https:\/\/eduinclusiva.org\/news\/"},"modified":"2025-04-13T19:10:34","modified_gmt":"2025-04-13T17:10:34","slug":"news","status":"publish","type":"page","link":"https:\/\/eduinclusiva.org\/en\/news\/","title":{"rendered":"News"},"content":{"rendered":"\t\t<div data-elementor-type=\"wp-page\" data-elementor-id=\"257\" class=\"elementor elementor-257 elementor-41\">\n\t\t\t\t<div class=\"elementor-element elementor-element-01e20ed e-flex e-con-boxed wpr-particle-no wpr-jarallax-no wpr-parallax-no wpr-sticky-section-no wpr-equal-height-no e-con e-parent\" data-id=\"01e20ed\" data-element_type=\"container\" data-e-type=\"container\" data-settings=\"{&quot;background_background&quot;:&quot;classic&quot;}\">\n\t\t\t\t\t<div class=\"e-con-inner\">\n\t\t\t\t<div class=\"elementor-element elementor-element-591f311 elementor-widget elementor-widget-heading\" data-id=\"591f311\" data-element_type=\"widget\" data-e-type=\"widget\" data-widget_type=\"heading.default\">\n\t\t\t\t<div class=\"elementor-widget-container\">\n\t\t\t\t\t<h2 class=\"elementor-heading-title elementor-size-default\">News<\/h2>\t\t\t\t<\/div>\n\t\t\t\t<\/div>\n\t\t\t\t\t<\/div>\n\t\t\t\t<\/div>\n\t\t<div class=\"elementor-element elementor-element-7bee944 e-flex e-con-boxed wpr-particle-no wpr-jarallax-no wpr-parallax-no wpr-sticky-section-no wpr-equal-height-no e-con e-parent\" data-id=\"7bee944\" data-element_type=\"container\" data-e-type=\"container\">\n\t\t\t\t\t<div class=\"e-con-inner\">\n\t\t\t\t<div class=\"elementor-element elementor-element-addc45d wpr-grid-columns-1 wpr-grid-columns--tablet2 wpr-grid-columns--mobile1 wpr-item-styles-inner elementor-widget elementor-widget-wpr-grid\" data-id=\"addc45d\" data-element_type=\"widget\" data-e-type=\"widget\" data-widget_type=\"wpr-grid.default\">\n\t\t\t\t<div class=\"elementor-widget-container\">\n\t\t\t\t\t<ul class=\"wpr-grid-filters elementor-clearfix wpr-grid-filters-sep-right\"><li class=\" wpr-pointer-none wpr-pointer-line-fx wpr-pointer-fx-none\"><span  data-filter=\"*\" class=\"wpr-grid-filters-item wpr-active-filter \">All Posts<\/span><em class=\"wpr-grid-filters-sep\"><\/em><\/li><li class=\" wpr-pointer-none wpr-pointer-line-fx wpr-pointer-fx-none\"><span   data-ajax-filter=[\"category\",\"sin-categoria\"]  data-filter=\".category-sin-categoria\">Sin categor\u00eda<\/span><em class=\"wpr-grid-filters-sep\"><\/em><\/li><\/ul><section class=\"wpr-grid elementor-clearfix\" data-settings=\"{&quot;layout&quot;:&quot;list&quot;,&quot;stick_last_element_to_bottom&quot;:&quot;no&quot;,&quot;columns_desktop&quot;:&quot;1&quot;,&quot;gutter_hr&quot;:15,&quot;gutter_hr_mobile&quot;:15,&quot;gutter_hr_mobile_extra&quot;:15,&quot;gutter_hr_tablet&quot;:15,&quot;gutter_hr_tablet_extra&quot;:15,&quot;gutter_hr_laptop&quot;:15,&quot;gutter_hr_widescreen&quot;:15,&quot;gutter_vr&quot;:32,&quot;gutter_vr_mobile&quot;:32,&quot;gutter_vr_mobile_extra&quot;:32,&quot;gutter_vr_tablet&quot;:32,&quot;gutter_vr_tablet_extra&quot;:32,&quot;gutter_vr_laptop&quot;:32,&quot;gutter_vr_widescreen&quot;:32,&quot;animation&quot;:&quot;default&quot;,&quot;animation_duration&quot;:0.3,&quot;animation_delay&quot;:0.1,&quot;deeplinking&quot;:&quot;&quot;,&quot;filters_linkable&quot;:&quot;no&quot;,&quot;filters_default_filter&quot;:&quot;&quot;,&quot;filters_count&quot;:&quot;&quot;,&quot;filters_hide_empty&quot;:&quot;no&quot;,&quot;filters_animation&quot;:&quot;default&quot;,&quot;filters_animation_duration&quot;:0.3,&quot;filters_animation_delay&quot;:0.1,&quot;pagination_type&quot;:&quot;load-more&quot;,&quot;pagination_max_pages&quot;:1,&quot;media_align&quot;:&quot;left&quot;,&quot;media_width&quot;:30,&quot;media_distance&quot;:20,&quot;lightbox&quot;:{&quot;selector&quot;:&quot;.wpr-grid-image-wrap&quot;,&quot;iframeMaxWidth&quot;:&quot;60%&quot;,&quot;hash&quot;:false,&quot;autoplay&quot;:&quot;true&quot;,&quot;pause&quot;:5000,&quot;progressBar&quot;:&quot;true&quot;,&quot;counter&quot;:&quot;true&quot;,&quot;controls&quot;:&quot;true&quot;,&quot;getCaptionFromTitleOrAlt&quot;:&quot;true&quot;,&quot;thumbnail&quot;:&quot;&quot;,&quot;showThumbByDefault&quot;:&quot;&quot;,&quot;share&quot;:&quot;&quot;,&quot;zoom&quot;:&quot;true&quot;,&quot;fullScreen&quot;:&quot;true&quot;,&quot;download&quot;:&quot;true&quot;}}\" data-advanced-filters=\"no\"><article class=\"wpr-grid-item elementor-clearfix post-275 post type-post status-publish format-standard has-post-thumbnail hentry category-sin-categoria\"><div class=\"wpr-grid-item-inner\"><div class=\"wpr-grid-media-wrap wpr-effect-size-medium \" data-overlay-link=\"yes\"><div class=\"wpr-grid-image-wrap\" data-src=\"https:\/\/eduinclusiva.org\/wp-content\/uploads\/2025\/04\/ASEIN-_avances_en_la_investigacion_en_educacion_inclusiva.jpg\" data-img-on-hover=\"\"  data-src-secondary=\"\"><img decoding=\"async\" data-no-lazy=\"1\" src=\"https:\/\/eduinclusiva.org\/wp-content\/uploads\/2025\/04\/ASEIN-_avances_en_la_investigacion_en_educacion_inclusiva.jpg\" alt=\"ASEIN BLOG - 3\" class=\"wpr-anim-timing-ease-default\"><\/div><div class=\"wpr-grid-media-hover wpr-animation-wrap\"><div class=\"wpr-grid-media-hover-bg  wpr-overlay-fade-in wpr-anim-size-large wpr-anim-timing-ease-default wpr-anim-transparency\" data-url=\"https:\/\/eduinclusiva.org\/en\/advances-in-research-on-inclusive-education\/\"><\/div><\/div><\/div><div class=\"wpr-grid-item-below-content elementor-clearfix\"><h2 class=\"wpr-grid-item-title elementor-repeater-item-c7205ec wpr-grid-item-display-block wpr-grid-item-align-left wpr-pointer-none wpr-pointer-line-fx wpr-pointer-fx-fade\"><div class=\"inner-block\"><a target=\"_self\"  href=\"https:\/\/eduinclusiva.org\/en\/advances-in-research-on-inclusive-education\/\">Advances in research on inclusive education<\/a><\/div><\/h2><div class=\"wpr-grid-item-date elementor-repeater-item-728c7e0 wpr-grid-item-display-inline wpr-grid-item-align-left\"><div class=\"inner-block\"><span>02\/02\/2025<span class=\"wpr-grid-extra-text-right\"><\/span><\/span><\/div><\/div><div class=\"wpr-grid-item-excerpt elementor-repeater-item-402326c wpr-grid-item-display-block wpr-grid-item-align-left\"><div class=\"inner-block\"><p>Research in inclusive education has become an essential pillar for improving educational practice and promoting equal opportunities in the classroom....<\/p><\/div><\/div><div class=\"wpr-grid-item-read-more elementor-repeater-item-2bfaae7 wpr-grid-item-display-block wpr-grid-item-align-left\"><div class=\"inner-block\"><a target=\"_self\" href=\"https:\/\/eduinclusiva.org\/en\/advances-in-research-on-inclusive-education\/\" class=\"wpr-button-effect wpr-button-none\"><span>Read more<\/span><\/a><\/div><\/div><\/div><\/div><\/article><article class=\"wpr-grid-item elementor-clearfix post-273 post type-post status-publish format-standard has-post-thumbnail hentry category-sin-categoria\"><div class=\"wpr-grid-item-inner\"><div class=\"wpr-grid-media-wrap wpr-effect-size-medium \" data-overlay-link=\"yes\"><div class=\"wpr-grid-image-wrap\" data-src=\"https:\/\/eduinclusiva.org\/wp-content\/uploads\/2025\/04\/ASEIN_el_desarrollo_profesional_docente_como_motor_de_la_inclusion.jpg\" data-img-on-hover=\"\"  data-src-secondary=\"\"><img decoding=\"async\" data-no-lazy=\"1\" src=\"https:\/\/eduinclusiva.org\/wp-content\/uploads\/2025\/04\/ASEIN_el_desarrollo_profesional_docente_como_motor_de_la_inclusion.jpg\" alt=\"ASEIN BLOG - 2\" class=\"wpr-anim-timing-ease-default\"><\/div><div class=\"wpr-grid-media-hover wpr-animation-wrap\"><div class=\"wpr-grid-media-hover-bg  wpr-overlay-fade-in wpr-anim-size-large wpr-anim-timing-ease-default wpr-anim-transparency\" data-url=\"https:\/\/eduinclusiva.org\/en\/teacher-professional-development-as-a-driver-of-inclusion\/\"><\/div><\/div><\/div><div class=\"wpr-grid-item-below-content elementor-clearfix\"><h2 class=\"wpr-grid-item-title elementor-repeater-item-c7205ec wpr-grid-item-display-block wpr-grid-item-align-left wpr-pointer-none wpr-pointer-line-fx wpr-pointer-fx-fade\"><div class=\"inner-block\"><a target=\"_self\"  href=\"https:\/\/eduinclusiva.org\/en\/teacher-professional-development-as-a-driver-of-inclusion\/\">Teacher professional development as a driver of inclusion<\/a><\/div><\/h2><div class=\"wpr-grid-item-date elementor-repeater-item-728c7e0 wpr-grid-item-display-inline wpr-grid-item-align-left\"><div class=\"inner-block\"><span>11\/10\/2024<span class=\"wpr-grid-extra-text-right\"><\/span><\/span><\/div><\/div><div class=\"wpr-grid-item-excerpt elementor-repeater-item-402326c wpr-grid-item-display-block wpr-grid-item-align-left\"><div class=\"inner-block\"><p>Continuous professional development of teachers is essential to transform inclusive education and effectively address the diversity of students. Recent studies,...<\/p><\/div><\/div><div class=\"wpr-grid-item-read-more elementor-repeater-item-2bfaae7 wpr-grid-item-display-block wpr-grid-item-align-left\"><div class=\"inner-block\"><a target=\"_self\" href=\"https:\/\/eduinclusiva.org\/en\/teacher-professional-development-as-a-driver-of-inclusion\/\" class=\"wpr-button-effect wpr-button-none\"><span>Read more<\/span><\/a><\/div><\/div><\/div><\/div><\/article><article class=\"wpr-grid-item elementor-clearfix post-271 post type-post status-publish format-standard has-post-thumbnail hentry category-sin-categoria\"><div class=\"wpr-grid-item-inner\"><div class=\"wpr-grid-media-wrap wpr-effect-size-medium \" data-overlay-link=\"yes\"><div class=\"wpr-grid-image-wrap\" data-src=\"https:\/\/eduinclusiva.org\/wp-content\/uploads\/2025\/04\/ASEIN-_avances_en_la_investigacion_en_educacion_inclusiva.jpg\" data-img-on-hover=\"\"  data-src-secondary=\"\"><img decoding=\"async\" data-no-lazy=\"1\" src=\"https:\/\/eduinclusiva.org\/wp-content\/uploads\/2025\/04\/ASEIN-_avances_en_la_investigacion_en_educacion_inclusiva.jpg\" alt=\"ASEIN BLOG - 3\" class=\"wpr-anim-timing-ease-default\"><\/div><div class=\"wpr-grid-media-hover wpr-animation-wrap\"><div class=\"wpr-grid-media-hover-bg  wpr-overlay-fade-in wpr-anim-size-large wpr-anim-timing-ease-default wpr-anim-transparency\" data-url=\"https:\/\/eduinclusiva.org\/en\/new-trends-in-inclusive-education-in-spain\/\"><\/div><\/div><\/div><div class=\"wpr-grid-item-below-content elementor-clearfix\"><h2 class=\"wpr-grid-item-title elementor-repeater-item-c7205ec wpr-grid-item-display-block wpr-grid-item-align-left wpr-pointer-none wpr-pointer-line-fx wpr-pointer-fx-fade\"><div class=\"inner-block\"><a target=\"_self\"  href=\"https:\/\/eduinclusiva.org\/en\/new-trends-in-inclusive-education-in-spain\/\">New trends in inclusive education in Spain<\/a><\/div><\/h2><div class=\"wpr-grid-item-date elementor-repeater-item-728c7e0 wpr-grid-item-display-inline wpr-grid-item-align-left\"><div class=\"inner-block\"><span>11\/03\/2024<span class=\"wpr-grid-extra-text-right\"><\/span><\/span><\/div><\/div><div class=\"wpr-grid-item-excerpt elementor-repeater-item-402326c wpr-grid-item-display-block wpr-grid-item-align-left\"><div class=\"inner-block\"><p>Inclusive education in Spain is undergoing significant changes, driven by the integration of digital technologies and innovative pedagogical methodologies that...<\/p><\/div><\/div><div class=\"wpr-grid-item-read-more elementor-repeater-item-2bfaae7 wpr-grid-item-display-block wpr-grid-item-align-left\"><div class=\"inner-block\"><a target=\"_self\" href=\"https:\/\/eduinclusiva.org\/en\/new-trends-in-inclusive-education-in-spain\/\" class=\"wpr-button-effect wpr-button-none\"><span>Read more<\/span><\/a><\/div><\/div><\/div><\/div><\/article><\/section>\t\t\t\t<\/div>\n\t\t\t\t<\/div>\n\t\t\t\t\t<\/div>\n\t\t\t\t<\/div>\n\t\t\t\t<\/div>\n\t\t","protected":false},"excerpt":{"rendered":"<p>News All Posts Avances en la investigaci\u00f3n en educaci\u00f3n inclusiva 02\/02\/2025 La investigaci\u00f3n en educaci\u00f3n inclusiva se ha consolidado como un pilar esencial para mejorar la pr\u00e1ctica educativa y promover la&#8230; Read more El desarrollo profesional docente como motor de la inclusi\u00f3n 11\/10\/2024 El desarrollo profesional continuo de los docentes es fundamental para transformar la educaci\u00f3n inclusiva y atender eficazmente la diversidad del&#8230; Read more Nuevas tendencias en la educaci\u00f3n inclusiva en Espa\u00f1a 11\/03\/2024 La educaci\u00f3n inclusiva en Espa\u00f1a est\u00e1 experimentando cambios significativos, impulsados por la integraci\u00f3n de tecnolog\u00edas digitales y metodolog\u00edas pedag\u00f3gicas innovadoras&#8230; Read more<\/p>\n","protected":false},"author":1,"featured_media":0,"parent":0,"menu_order":0,"comment_status":"closed","ping_status":"closed","template":"elementor_header_footer","meta":{"footnotes":""},"class_list":["post-257","page","type-page","status-publish","hentry"],"_links":{"self":[{"href":"https:\/\/eduinclusiva.org\/en\/wp-json\/wp\/v2\/pages\/257","targetHints":{"allow":["GET"]}}],"collection":[{"href":"https:\/\/eduinclusiva.org\/en\/wp-json\/wp\/v2\/pages"}],"about":[{"href":"https:\/\/eduinclusiva.org\/en\/wp-json\/wp\/v2\/types\/page"}],"author":[{"embeddable":true,"href":"https:\/\/eduinclusiva.org\/en\/wp-json\/wp\/v2\/users\/1"}],"replies":[{"embeddable":true,"href":"https:\/\/eduinclusiva.org\/en\/wp-json\/wp\/v2\/comments?post=257"}],"version-history":[{"count":1,"href":"https:\/\/eduinclusiva.org\/en\/wp-json\/wp\/v2\/pages\/257\/revisions"}],"predecessor-version":[{"id":258,"href":"https:\/\/eduinclusiva.org\/en\/wp-json\/wp\/v2\/pages\/257\/revisions\/258"}],"wp:attachment":[{"href":"https:\/\/eduinclusiva.org\/en\/wp-json\/wp\/v2\/media?parent=257"}],"curies":[{"name":"wp","href":"https:\/\/api.w.org\/{rel}","templated":true}]}}